{"id":754,"date":"2024-06-05T10:11:45","date_gmt":"2024-06-05T10:11:45","guid":{"rendered":"https:\/\/nagydesign.hu\/?page_id=754"},"modified":"2024-06-05T18:11:27","modified_gmt":"2024-06-05T18:11:27","slug":"szolgaltatasok","status":"publish","type":"page","link":"https:\/\/nagydesign.hu\/?page_id=754","title":{"rendered":"Szolg\u00e1ltat\u00e1sok"},"content":{"rendered":"\n<p class=\"has-medium-font-size\"><strong>Log\u00f3 tervez\u00e9s<\/strong><\/p>\n\n\n\n<p>Egyedi log\u00f3k, embl\u00e9m\u00e1k vagy logot\u00edpi\u00e1k tervez\u00e9se. Legyen sz\u00f3 egy\u00e9ni v\u00e1llalkoz\u00e1sr\u00f3l, nagyv\u00e1llalatr\u00f3l vagy int\u00e9zm\u00e9nyekr\u0151l.<\/p>\n\n\n\n<p><\/p>\n\n\n\n<p class=\"has-medium-font-size\"><strong>Arculat tervez\u00e9s<\/strong><\/p>\n\n\n\n<p>Kis- \u00e9s nagy arculat tervez\u00e9se. <\/p>\n\n\n\n<ul class=\"wp-block-list\">\n<li>Kisarculat: log\u00f3, bet\u0171t\u00edpus, alapsz\u00ednek, n\u00e9vjegyk\u00e1rtya, k\u00f6z\u00f6ss\u00e9gi media anyagok (profilk\u00e9p, bor\u00edt\u00f3k\u00e9p), e-mail al\u00e1\u00edr\u00e1s, lev\u00e9lpap\u00edr<\/li>\n\n\n\n<li>Nagyarculat: Kisarculati elemeken t\u00fal t\u00f6bb elemmel kib\u0151v\u00edtett arculati rendszer \u00e9s az arculati k\u00e9zik\u00f6nyv. (pl. kieg\u00e9sz\u00edt\u0151 grafikai elemek form\u00e1k, sz\u00f3r\u00f3lapok, prospektus, webdesign, z\u00e1szl\u00f3, rollup, \u00e9p\u00fclet ir\u00e1ny\u00edt\u00f3 rendszer&#8230;)<\/li>\n<\/ul>\n\n\n\n<p class=\"has-medium-font-size\"><strong>Kiadv\u00e1nytervez\u00e9s<\/strong><\/p>\n\n\n\n<p>Minden, ami nyomtatott a legkisebbekt\u0151l a legnagyobbakig.  N\u00e9vjegyk\u00e1rty\u00e1k, megh\u00edv\u00f3k, sz\u00f3r\u00f3lapok, men\u00fck, prospektusok, leporell\u00f3k, katal\u00f3gusok, magazinok, k\u00f6nyvek, plak\u00e1tok, hirdet\u00e9sek. Egy\u00e9ni ig\u00e9nyekre szabva, ak\u00e1r k\u00fcl\u00f6nleges nyomdai elj\u00e1r\u00e1sokkal megtervezve.<\/p>\n\n\n\n<p class=\"has-medium-font-size\"><strong>Prom\u00f3ci\u00f3s grafik\u00e1k tervez\u00e9se<\/strong><\/p>\n\n\n\n<p>Sajt\u00f3fal, rollup, molin\u00f3, \u00e9p\u00fcleth\u00e1l\u00f3, beachflag, plak\u00e1tok, z\u00e1szl\u00f3k, standok, j\u00e1rm\u0171 matric\u00e1z\u00e1s, aj\u00e1nd\u00e9kt\u00e1rgyak, sz\u00f3l\u00f3aj\u00e1nd\u00e9kok<\/p>\n\n\n\n<p class=\"has-medium-font-size\"><strong>Csomagol\u00e1s tervez\u00e9s<\/strong><\/p>\n\n\n\n<p>C\u00edmke tervez\u00e9s, term\u00e9kcsomagol\u00e1s tervez\u00e9s.<\/p>\n\n\n\n<p class=\"has-medium-font-size\"><strong>Illusztr\u00e1ci\u00f3 k\u00e9sz\u00edt\u00e9se<\/strong><\/p>\n\n\n\n<p>Egyedi illusztr\u00e1ci\u00f3k, rajzos elemek elk\u00e9sz\u00edt\u00e9se\u00a0grafik\u00e1khoz, infografik\u00e1khoz<\/p>\n\n\n\n<p class=\"has-medium-font-size\"><strong>K\u00f6z\u00f6ss\u00e9gi m\u00e9dia tartalmak tervez\u00e9se<\/strong><\/p>\n\n\n\n<p>Grafikai anyagok k\u00e9sz\u00edt\u00e9se k\u00f6z\u00f6ss\u00e9gi m\u00e9dia posztokhoz\u00a0(poszt k\u00e9p, esem\u00e9ny k\u00e9p, fejl\u00e9ck\u00e9p, hirdet\u00e9s stb.)<\/p>\n\n\n\n<p class=\"has-medium-font-size\"><strong>Weboldal tervez\u00e9s<\/strong><\/p>\n\n\n\n<p>Weboldal tervez\u00e9s. Ig\u00e9ny eset\u00e9n saj\u00e1t partneremmel a megval\u00f3s\u00edt\u00e1s, programoz\u00e1s sem akad\u00e1ly.<\/p>\n","protected":false},"excerpt":{"rendered":"<p>Log\u00f3 tervez\u00e9s Egyedi log\u00f3k, embl\u00e9m\u00e1k vagy logot\u00edpi\u00e1k tervez\u00e9se. Legyen sz\u00f3 egy\u00e9ni v\u00e1llalkoz\u00e1sr\u00f3l, nagyv\u00e1llalatr\u00f3l vagy int\u00e9zm\u00e9nyekr\u0151l. Arculat tervez\u00e9s Kis- \u00e9s nagy arculat tervez\u00e9se. Kiadv\u00e1nytervez\u00e9s Minden, ami nyomtatott a legkisebbekt\u0151l a legnagyobbakig. N\u00e9vjegyk\u00e1rty\u00e1k, megh\u00edv\u00f3k, sz\u00f3r\u00f3lapok, men\u00fck, prospektusok, leporell\u00f3k, katal\u00f3gusok, magazinok, k\u00f6nyvek, plak\u00e1tok, hirdet\u00e9sek. Egy\u00e9ni ig\u00e9nyekre szabva, ak\u00e1r k\u00fcl\u00f6nleges nyomdai elj\u00e1r\u00e1sokkal megtervezve. Prom\u00f3ci\u00f3s grafik\u00e1k tervez\u00e9se Sajt\u00f3fal, rollup, molin\u00f3, &hellip; <a href=\"https:\/\/nagydesign.hu\/?page_id=754\" class=\"more-link\">Continue reading&lt;span class=&quot;screen-reader-text&quot;&gt; &quot;Szolg\u00e1ltat\u00e1sok&quot;&lt;\/span&gt;<\/a><\/p>\n","protected":false},"author":1,"featured_media":0,"parent":0,"menu_order":0,"comment_status":"closed","ping_status":"closed","template":"","meta":{"footnotes":""},"class_list":["post-754","page","type-page","status-publish","hentry","even"],"_links":{"self":[{"href":"https:\/\/nagydesign.hu\/index.php?rest_route=\/wp\/v2\/pages\/754","targetHints":{"allow":["GET"]}}],"collection":[{"href":"https:\/\/nagydesign.hu\/index.php?rest_route=\/wp\/v2\/pages"}],"about":[{"href":"https:\/\/nagydesign.hu\/index.php?rest_route=\/wp\/v2\/types\/page"}],"author":[{"embeddable":true,"href":"https:\/\/nagydesign.hu\/index.php?rest_route=\/wp\/v2\/users\/1"}],"replies":[{"embeddable":true,"href":"https:\/\/nagydesign.hu\/index.php?rest_route=%2Fwp%2Fv2%2Fcomments&post=754"}],"version-history":[{"count":7,"href":"https:\/\/nagydesign.hu\/index.php?rest_route=\/wp\/v2\/pages\/754\/revisions"}],"predecessor-version":[{"id":767,"href":"https:\/\/nagydesign.hu\/index.php?rest_route=\/wp\/v2\/pages\/754\/revisions\/767"}],"wp:attachment":[{"href":"https:\/\/nagydesign.hu\/index.php?rest_route=%2Fwp%2Fv2%2Fmedia&parent=754"}],"curies":[{"name":"wp","href":"https:\/\/api.w.org\/{rel}","templated":true}]}}